{"id":86,"date":"2018-10-02T21:26:55","date_gmt":"2018-10-02T21:26:55","guid":{"rendered":"https:\/\/www.epicprovisions.ca\/fr\/?page_id=86"},"modified":"2018-11-13T12:40:05","modified_gmt":"2018-11-13T12:40:05","slug":"barres-de-viande","status":"publish","type":"page","link":"https:\/\/www.epicprovisions.ca\/fr\/produits\/barres-de-viande\/","title":{"rendered":"Barres de viande"},"content":{"rendered":"","protected":false},"excerpt":{"rendered":"","protected":false},"author":4,"featured_media":0,"parent":80,"menu_order":0,"comment_status":"closed","ping_status":"closed","template":"template-modules.php","meta":{"_acf_changed":false,"footnotes":""},"class_list":["post-86","page","type-page","status-publish","hentry"],"acf":[],"yoast_head":"<!-- This site is optimized with the Yoast SEO plugin v27.3 - https:\/\/yoast.com\/product\/yoast-seo-wordpress\/ -->\n<title>Barres de viande &#187; Epic Canada (FR) &#187; MANGEZ VRAI. VIVEZ MIEUX !<\/title>\n<meta name=\"description\" content=\"Barres de viande. La barre EPIC originale \u00e0 la viande, aux fruits et aux noix constitue une collation savoureuse riche en prot\u00e9ines et con\u00e7ue pour inspirer vos plus glorieuses aventures.\" \/>\n<meta name=\"robots\" content=\"index, follow, max-snippet:-1, max-image-preview:large, max-video-preview:-1\" \/>\n<link rel=\"canonical\" href=\"https:\/\/www.epicprovisions.ca\/fr\/produits\/barres-de-viande\/\" \/>\n<meta property=\"og:locale\" content=\"fr_CA\" \/>\n<meta property=\"og:type\" content=\"article\" \/>\n<meta property=\"og:title\" content=\"Barres de viande &#187; Epic Canada (FR) &#187; MANGEZ VRAI. VIVEZ MIEUX !\" \/>\n<meta property=\"og:description\" content=\"Barres de viande. La barre EPIC originale \u00e0 la viande, aux fruits et aux noix constitue une collation savoureuse riche en prot\u00e9ines et con\u00e7ue pour inspirer vos plus glorieuses aventures.\" \/>\n<meta property=\"og:url\" content=\"https:\/\/www.epicprovisions.ca\/fr\/produits\/barres-de-viande\/\" \/>\n<meta property=\"og:site_name\" content=\"Epic Canada (FR)\" \/>\n<meta property=\"article:publisher\" content=\"https:\/\/www.facebook.com\/epicbar\/\" \/>\n<meta property=\"article:modified_time\" content=\"2018-11-13T12:40:05+00:00\" \/>\n<meta name=\"twitter:card\" content=\"summary_large_image\" \/>\n<meta name=\"twitter:site\" content=\"@EPICbar\" \/>\n<script type=\"application\/ld+json\" class=\"yoast-schema-graph\">{\"@context\":\"https:\\\/\\\/schema.org\",\"@graph\":[{\"@type\":\"WebPage\",\"@id\":\"https:\\\/\\\/www.epicprovisions.ca\\\/fr\\\/produits\\\/barres-de-viande\\\/\",\"url\":\"https:\\\/\\\/www.epicprovisions.ca\\\/fr\\\/produits\\\/barres-de-viande\\\/\",\"name\":\"Barres de viande &#187; Epic Canada (FR) &#187; MANGEZ VRAI. VIVEZ MIEUX !\",\"isPartOf\":{\"@id\":\"https:\\\/\\\/www.epicprovisions.ca\\\/fr\\\/#website\"},\"datePublished\":\"2018-10-02T21:26:55+00:00\",\"dateModified\":\"2018-11-13T12:40:05+00:00\",\"description\":\"Barres de viande. La barre EPIC originale \u00e0 la viande, aux fruits et aux noix constitue une collation savoureuse riche en prot\u00e9ines et con\u00e7ue pour inspirer vos plus glorieuses aventures.\",\"breadcrumb\":{\"@id\":\"https:\\\/\\\/www.epicprovisions.ca\\\/fr\\\/produits\\\/barres-de-viande\\\/#breadcrumb\"},\"inLanguage\":\"fr-CA\",\"potentialAction\":[{\"@type\":\"ReadAction\",\"target\":[\"https:\\\/\\\/www.epicprovisions.ca\\\/fr\\\/produits\\\/barres-de-viande\\\/\"]}]},{\"@type\":\"BreadcrumbList\",\"@id\":\"https:\\\/\\\/www.epicprovisions.ca\\\/fr\\\/produits\\\/barres-de-viande\\\/#breadcrumb\",\"itemListElement\":[{\"@type\":\"ListItem\",\"position\":1,\"name\":\"Home\",\"item\":\"https:\\\/\\\/www.epicprovisions.ca\\\/fr\\\/\"},{\"@type\":\"ListItem\",\"position\":2,\"name\":\"Produits\",\"item\":\"https:\\\/\\\/www.epicprovisions.ca\\\/fr\\\/produits\\\/\"},{\"@type\":\"ListItem\",\"position\":3,\"name\":\"Barres de viande\"}]},{\"@type\":\"WebSite\",\"@id\":\"https:\\\/\\\/www.epicprovisions.ca\\\/fr\\\/#website\",\"url\":\"https:\\\/\\\/www.epicprovisions.ca\\\/fr\\\/\",\"name\":\"Epic Canada (FR)\",\"description\":\"Prot\u00e9ines | Sans gluten | Paleo | Barres prot\u00e9in\u00e9es nourries \u00e0 l&#039;herbe\",\"publisher\":{\"@id\":\"https:\\\/\\\/www.epicprovisions.ca\\\/fr\\\/#organization\"},\"potentialAction\":[{\"@type\":\"SearchAction\",\"target\":{\"@type\":\"EntryPoint\",\"urlTemplate\":\"https:\\\/\\\/www.epicprovisions.ca\\\/fr\\\/?s={search_term_string}\"},\"query-input\":{\"@type\":\"PropertyValueSpecification\",\"valueRequired\":true,\"valueName\":\"search_term_string\"}}],\"inLanguage\":\"fr-CA\"},{\"@type\":\"Organization\",\"@id\":\"https:\\\/\\\/www.epicprovisions.ca\\\/fr\\\/#organization\",\"name\":\"EPIC Provisions\",\"url\":\"https:\\\/\\\/www.epicprovisions.ca\\\/fr\\\/\",\"logo\":{\"@type\":\"ImageObject\",\"inLanguage\":\"fr-CA\",\"@id\":\"https:\\\/\\\/www.epicprovisions.ca\\\/fr\\\/#\\\/schema\\\/logo\\\/image\\\/\",\"url\":\"https:\\\/\\\/www.epicprovisions.ca\\\/fr\\\/wp-content\\\/uploads\\\/sites\\\/2\\\/2018\\\/10\\\/epic-provisions-logo.jpg\",\"contentUrl\":\"https:\\\/\\\/www.epicprovisions.ca\\\/fr\\\/wp-content\\\/uploads\\\/sites\\\/2\\\/2018\\\/10\\\/epic-provisions-logo.jpg\",\"width\":204,\"height\":94,\"caption\":\"EPIC Provisions\"},\"image\":{\"@id\":\"https:\\\/\\\/www.epicprovisions.ca\\\/fr\\\/#\\\/schema\\\/logo\\\/image\\\/\"},\"sameAs\":[\"https:\\\/\\\/www.facebook.com\\\/epicbar\\\/\",\"https:\\\/\\\/x.com\\\/EPICbar\",\"https:\\\/\\\/www.instagram.com\\\/epicbar\\\/?hl=en\",\"https:\\\/\\\/www.youtube.com\\\/channel\\\/UC7TIDoclSQX4vbMuyjneRWQ\"]}]}<\/script>\n<!-- \/ Yoast SEO plugin. -->","yoast_head_json":{"title":"Barres de viande &#187; Epic Canada (FR) &#187; MANGEZ VRAI. VIVEZ MIEUX !","description":"Barres de viande. La barre EPIC originale \u00e0 la viande, aux fruits et aux noix constitue une collation savoureuse riche en prot\u00e9ines et con\u00e7ue pour inspirer vos plus glorieuses aventures.","robots":{"index":"index","follow":"follow","max-snippet":"max-snippet:-1","max-image-preview":"max-image-preview:large","max-video-preview":"max-video-preview:-1"},"canonical":"https:\/\/www.epicprovisions.ca\/fr\/produits\/barres-de-viande\/","og_locale":"fr_CA","og_type":"article","og_title":"Barres de viande &#187; Epic Canada (FR) &#187; MANGEZ VRAI. VIVEZ MIEUX !","og_description":"Barres de viande. La barre EPIC originale \u00e0 la viande, aux fruits et aux noix constitue une collation savoureuse riche en prot\u00e9ines et con\u00e7ue pour inspirer vos plus glorieuses aventures.","og_url":"https:\/\/www.epicprovisions.ca\/fr\/produits\/barres-de-viande\/","og_site_name":"Epic Canada (FR)","article_publisher":"https:\/\/www.facebook.com\/epicbar\/","article_modified_time":"2018-11-13T12:40:05+00:00","twitter_card":"summary_large_image","twitter_site":"@EPICbar","schema":{"@context":"https:\/\/schema.org","@graph":[{"@type":"WebPage","@id":"https:\/\/www.epicprovisions.ca\/fr\/produits\/barres-de-viande\/","url":"https:\/\/www.epicprovisions.ca\/fr\/produits\/barres-de-viande\/","name":"Barres de viande &#187; Epic Canada (FR) &#187; MANGEZ VRAI. VIVEZ MIEUX !","isPartOf":{"@id":"https:\/\/www.epicprovisions.ca\/fr\/#website"},"datePublished":"2018-10-02T21:26:55+00:00","dateModified":"2018-11-13T12:40:05+00:00","description":"Barres de viande. La barre EPIC originale \u00e0 la viande, aux fruits et aux noix constitue une collation savoureuse riche en prot\u00e9ines et con\u00e7ue pour inspirer vos plus glorieuses aventures.","breadcrumb":{"@id":"https:\/\/www.epicprovisions.ca\/fr\/produits\/barres-de-viande\/#breadcrumb"},"inLanguage":"fr-CA","potentialAction":[{"@type":"ReadAction","target":["https:\/\/www.epicprovisions.ca\/fr\/produits\/barres-de-viande\/"]}]},{"@type":"BreadcrumbList","@id":"https:\/\/www.epicprovisions.ca\/fr\/produits\/barres-de-viande\/#breadcrumb","itemListElement":[{"@type":"ListItem","position":1,"name":"Home","item":"https:\/\/www.epicprovisions.ca\/fr\/"},{"@type":"ListItem","position":2,"name":"Produits","item":"https:\/\/www.epicprovisions.ca\/fr\/produits\/"},{"@type":"ListItem","position":3,"name":"Barres de viande"}]},{"@type":"WebSite","@id":"https:\/\/www.epicprovisions.ca\/fr\/#website","url":"https:\/\/www.epicprovisions.ca\/fr\/","name":"Epic Canada (FR)","description":"Prot\u00e9ines | Sans gluten | Paleo | Barres prot\u00e9in\u00e9es nourries \u00e0 l&#039;herbe","publisher":{"@id":"https:\/\/www.epicprovisions.ca\/fr\/#organization"},"potentialAction":[{"@type":"SearchAction","target":{"@type":"EntryPoint","urlTemplate":"https:\/\/www.epicprovisions.ca\/fr\/?s={search_term_string}"},"query-input":{"@type":"PropertyValueSpecification","valueRequired":true,"valueName":"search_term_string"}}],"inLanguage":"fr-CA"},{"@type":"Organization","@id":"https:\/\/www.epicprovisions.ca\/fr\/#organization","name":"EPIC Provisions","url":"https:\/\/www.epicprovisions.ca\/fr\/","logo":{"@type":"ImageObject","inLanguage":"fr-CA","@id":"https:\/\/www.epicprovisions.ca\/fr\/#\/schema\/logo\/image\/","url":"https:\/\/www.epicprovisions.ca\/fr\/wp-content\/uploads\/sites\/2\/2018\/10\/epic-provisions-logo.jpg","contentUrl":"https:\/\/www.epicprovisions.ca\/fr\/wp-content\/uploads\/sites\/2\/2018\/10\/epic-provisions-logo.jpg","width":204,"height":94,"caption":"EPIC Provisions"},"image":{"@id":"https:\/\/www.epicprovisions.ca\/fr\/#\/schema\/logo\/image\/"},"sameAs":["https:\/\/www.facebook.com\/epicbar\/","https:\/\/x.com\/EPICbar","https:\/\/www.instagram.com\/epicbar\/?hl=en","https:\/\/www.youtube.com\/channel\/UC7TIDoclSQX4vbMuyjneRWQ"]}]}},"_links":{"self":[{"href":"https:\/\/www.epicprovisions.ca\/fr\/wp-json\/wp\/v2\/pages\/86","targetHints":{"allow":["GET"]}}],"collection":[{"href":"https:\/\/www.epicprovisions.ca\/fr\/wp-json\/wp\/v2\/pages"}],"about":[{"href":"https:\/\/www.epicprovisions.ca\/fr\/wp-json\/wp\/v2\/types\/page"}],"author":[{"embeddable":true,"href":"https:\/\/www.epicprovisions.ca\/fr\/wp-json\/wp\/v2\/users\/4"}],"replies":[{"embeddable":true,"href":"https:\/\/www.epicprovisions.ca\/fr\/wp-json\/wp\/v2\/comments?post=86"}],"version-history":[{"count":0,"href":"https:\/\/www.epicprovisions.ca\/fr\/wp-json\/wp\/v2\/pages\/86\/revisions"}],"up":[{"embeddable":true,"href":"https:\/\/www.epicprovisions.ca\/fr\/wp-json\/wp\/v2\/pages\/80"}],"wp:attachment":[{"href":"https:\/\/www.epicprovisions.ca\/fr\/wp-json\/wp\/v2\/media?parent=86"}],"curies":[{"name":"wp","href":"https:\/\/api.w.org\/{rel}","templated":true}]}}